{"id":149,"date":"2019-10-22T19:41:13","date_gmt":"2019-10-22T19:41:13","guid":{"rendered":"http:\/\/nastik.webredox.net\/?page_id=149"},"modified":"2024-02-07T09:19:28","modified_gmt":"2024-02-07T12:19:28","slug":"contacto","status":"publish","type":"page","link":"https:\/\/seguridaduniversal.com.ar\/web\/contacto\/","title":{"rendered":"Contacto"},"content":{"rendered":"<div class=\"wpb-content-wrapper\">[vc_row sec_padding_top=&#8221;0&#8243; enabletitle=&#8221;st2&#8243; nastik_sec_title=&#8221;Pong\u00e1monos en contacto&#8221; nastik_sec_number=&#8221;01&#8243; nastik_sec_dectiption=&#8221;Para nosotros lo m\u00e1s importante es la atenci\u00f3n personalizada de cada uno de nuestros clientes, para acercarle la mejor soluci\u00f3n.&#8221;][vc_column][vc_gmaps link=&#8221;#E-8_JTNDaWZyYW1lJTIwc3JjJTNEJTIyaHR0cHMlM0ElMkYlMkZ3d3cuZ29vZ2xlLmNvbSUyRm1hcHMlMkZlbWJlZCUzRnBiJTNEJTIxMW0xOCUyMTFtMTIlMjExbTMlMjExZDU2MzAuOTA3NjMwMjQ2MDI4JTIxMmQtNjAuNjQzMTY5NTg3NjEyOTglMjEzZC0zMi45NDY4NDUzNzg2MjE4OSUyMTJtMyUyMTFmMCUyMTJmMCUyMTNmMCUyMTNtMiUyMTFpMTAyNCUyMTJpNzY4JTIxNGYxMy4xJTIxM20zJTIxMW0yJTIxMXMweDk1YjdhYjE5ZDA5NGRhNDElMjUzQTB4NjViYzljZmZmYjU2NjE0NyUyMTJzQ09SJTI1MkMlMjUyME1pdHJlJTI1MjA4NDYlMjUyQyUyNTIwUzIwMDAlMjUyMFJvc2FyaW8lMjUyQyUyNTIwU2FudGElMjUyMEZlJTIxNWUwJTIxM20yJTIxMXNlcyUyMTJzYXIlMjE0djE3MDUwNjQxNDM1OTglMjE1bTIlMjExc2VzJTIxMnNhciUyMiUyMHdpZHRoJTNEJTIyNjAwJTIyJTIwaGVpZ2h0JTNEJTIyNDUwJTIyJTIwc3R5bGUlM0QlMjJib3JkZXIlM0EwJTNCJTIyJTIwYWxsb3dmdWxsc2NyZWVuJTNEJTIyJTIyJTIwbG9hZGluZyUzRCUyMmxhenklMjIlMjByZWZlcnJlcnBvbGljeSUzRCUyMm5vLXJlZmVycmVyLXdoZW4tZG93bmdyYWRlJTIyJTNFJTNDJTJGaWZyYW1lJTNF&#8221; size=&#8221;300&#8243;][vc_empty_space][wr_vc_contacts][wr_vc_contact title=&#8221;Tel\u00e9fono&#8221; iconclass=&#8221;fal fa-mobile-android&#8221; link_type=&#8221;st3&#8243; url=&#8221;+54 341 329-1102&#8243;][wr_vc_contact title=&#8221;Oficina Comercial&#8221; url=&#8221;#&#8221; url_text=&#8221;Mitre 846 2\u00ba Piso Of. 201-202-203 &#8211; (S2000COR) Rosario&#8221;][wr_vc_contact title=&#8221;E-mail&#8221; iconclass=&#8221;fal fa-envelope-open&#8221; link_type=&#8221;st2&#8243; url=&#8221;administracion@seguridaduniversal.com.ar&#8221;][\/wr_vc_contacts][\/vc_column][\/vc_row][vc_row sec_padding_bottom=&#8221;0&#8243; enabletitle=&#8221;st2&#8243; nastik_sec_title=&#8221;Env\u00edenos su Consulta&#8221; nastik_sec_number=&#8221;02&#8243; nastik_sec_dectiption=&#8221;Utilice el siguiente formulario para enviarnos su consulta en detalle.&#8221; enableseparator=&#8221;st2&#8243;][vc_column width=&#8221;9\/12&#8243;]\n<div class=\"wpcf7 no-js\" id=\"wpcf7-f1011-o1\" lang=\"en-US\" dir=\"ltr\" data-wpcf7-id=\"1011\">\n<div class=\"screen-reader-response\"><p role=\"status\" aria-live=\"polite\" aria-atomic=\"true\"><\/p> <ul><\/ul><\/div>\n<form action=\"\/web\/wp-json\/wp\/v2\/pages\/149#wpcf7-f1011-o1\" method=\"post\" class=\"wpcf7-form init\" aria-label=\"Contact form\" novalidate=\"novalidate\" data-status=\"init\">\n<fieldset class=\"hidden-fields-container\"><input type=\"hidden\" name=\"_wpcf7\" value=\"1011\" \/><input type=\"hidden\" name=\"_wpcf7_version\" value=\"6.1.5\" \/><input type=\"hidden\" name=\"_wpcf7_locale\" value=\"en_US\" \/><input type=\"hidden\" name=\"_wpcf7_unit_tag\" value=\"wpcf7-f1011-o1\" \/><input type=\"hidden\" name=\"_wpcf7_container_post\" value=\"0\" \/><input type=\"hidden\" name=\"_wpcf7_posted_data_hash\" value=\"\" \/><input type=\"hidden\" name=\"_wpcf7_recaptcha_response\" value=\"\" \/>\n<\/fieldset>\n<div class=\"row\">\n\t<div class=\"col-md-6\">\n\t\t<p><label><i class=\"fal fa-user\"><\/i><\/label><br \/>\n<span class=\"wpcf7-form-control-wrap\" data-name=\"nombre\"><input size=\"40\" maxlength=\"400\" class=\"wpcf7-form-control wpcf7-text wpcf7-validates-as-required\" aria-required=\"true\" aria-invalid=\"false\" placeholder=\"SU NOMBRE Y APELLIDO*\" value=\"\" type=\"text\" name=\"nombre\" \/><\/span>\n\t\t<\/p>\n\t<\/div>\n\t<div class=\"col-md-6\">\n\t\t<p><label><i class=\"fal fa-envelope\"><\/i><\/label><br \/>\n<span class=\"wpcf7-form-control-wrap\" data-name=\"email\"><input size=\"40\" maxlength=\"400\" class=\"wpcf7-form-control wpcf7-email wpcf7-validates-as-required wpcf7-text wpcf7-validates-as-email\" aria-required=\"true\" aria-invalid=\"false\" placeholder=\"SU EMAIL*\" value=\"\" type=\"email\" name=\"email\" \/><\/span>\n\t\t<\/p>\n\t<\/div>\n\t<div class=\"col-md-6\">\n\t\t<p><label><i class=\"fal fa-phone-alt\"><\/i><\/label><br \/>\n<span class=\"wpcf7-form-control-wrap\" data-name=\"telefono\"><input size=\"40\" maxlength=\"400\" class=\"wpcf7-form-control wpcf7-text wpcf7-validates-as-required\" aria-required=\"true\" aria-invalid=\"false\" placeholder=\"TEL\u00c9FONO DE CONTACTO*\" value=\"\" type=\"text\" name=\"telefono\" \/><\/span>\n\t\t<\/p>\n\t<\/div>\n\t<div class=\"col-md-6\">\n\t\t<p><label><i class=\"fal fa-map-marker-alt\"><\/i><\/label><br \/>\n<span class=\"wpcf7-form-control-wrap\" data-name=\"localidad\"><input size=\"40\" maxlength=\"400\" class=\"wpcf7-form-control wpcf7-text\" aria-invalid=\"false\" placeholder=\"LOCALIDAD\" value=\"\" type=\"text\" name=\"localidad\" \/><\/span>\n\t\t<\/p>\n\t<\/div>\n<\/div>\n<p><span class=\"wpcf7-form-control-wrap\" data-name=\"your-message\"><textarea cols=\"40\" rows=\"10\" maxlength=\"2000\" class=\"wpcf7-form-control wpcf7-textarea\" aria-invalid=\"false\" placeholder=\"DETALLE SU CONSULTA...\" name=\"your-message\"><\/textarea><\/span>\n<\/p>\n<p><input class=\"wpcf7-form-control wpcf7-submit has-spinner\" type=\"submit\" value=\"ENVIAR CONSULTA\" \/>\n<\/p><div class=\"wpcf7-response-output\" aria-hidden=\"true\"><\/div>\n<\/form>\n<\/div>\n[\/vc_column][vc_column width=&#8221;3\/12&#8243;][\/vc_column][\/vc_row]\n<\/div>","protected":false},"excerpt":{"rendered":"<p>[vc_row sec_padding_top=&#8221;0&#8243; enabletitle=&#8221;st2&#8243; nastik_sec_title=&#8221;Pong\u00e1monos en contacto&#8221; nastik_sec_number=&#8221;01&#8243; nastik_sec_dectiption=&#8221;Para nosotros lo m\u00e1s importante es la atenci\u00f3n personalizada de cada uno de nuestros clientes, para acercarle la mejor soluci\u00f3n.&#8221;][vc_column][vc_gmaps link=&#8221;#E-8_JTNDaWZyYW1lJTIwc3JjJTNEJTIyaHR0cHMlM0ElMkYlMkZ3d3cuZ29vZ2xlLmNvbSUyRm1hcHMlMkZlbWJlZCUzRnBiJTNEJTIxMW0xOCUyMTFtMTIlMjExbTMlMjExZDU2MzAuOTA3NjMwMjQ2MDI4JTIxMmQtNjAuNjQzMTY5NTg3NjEyOTglMjEzZC0zMi45NDY4NDUzNzg2MjE4OSUyMTJtMyUyMTFmMCUyMTJmMCUyMTNmMCUyMTNtMiUyMTFpMTAyNCUyMTJpNzY4JTIxNGYxMy4xJTIxM20zJTIxMW0yJTIxMXMweDk1YjdhYjE5ZDA5NGRhNDElMjUzQTB4NjViYzljZmZmYjU2NjE0NyUyMTJzQ09SJTI1MkMlMjUyME1pdHJlJTI1MjA4NDYlMjUyQyUyNTIwUzIwMDAlMjUyMFJvc2FyaW8lMjUyQyUyNTIwU2FudGElMjUyMEZlJTIxNWUwJTIxM20yJTIxMXNlcyUyMTJzYXIlMjE0djE3MDUwNjQxNDM1OTglMjE1bTIlMjExc2VzJTIxMnNhciUyMiUyMHdpZHRoJTNEJTIyNjAwJTIyJTIwaGVpZ2h0JTNEJTIyNDUwJTIyJTIwc3R5bGUlM0QlMjJib3JkZXIlM0EwJTNCJTIyJTIwYWxsb3dmdWxsc2NyZWVuJTNEJTIyJTIyJTIwbG9hZGluZyUzRCUyMmxhenklMjIlMjByZWZlcnJlcnBvbGljeSUzRCUyMm5vLXJlZmVycmVyLXdoZW4tZG93bmdyYWRlJTIyJTNFJTNDJTJGaWZyYW1lJTNF&#8221; size=&#8221;300&#8243;][vc_empty_space][wr_vc_contacts][wr_vc_contact title=&#8221;Tel\u00e9fono&#8221; iconclass=&#8221;fal fa-mobile-android&#8221; link_type=&#8221;st3&#8243; url=&#8221;+54 341 329-1102&#8243;][wr_vc_contact title=&#8221;Oficina Comercial&#8221; url=&#8221;#&#8221; url_text=&#8221;Mitre 846 2\u00ba Piso Of. 201-202-203 &#8211; (S2000COR) Rosario&#8221;][wr_vc_contact title=&#8221;E-mail&#8221; iconclass=&#8221;fal fa-envelope-open&#8221; link_type=&#8221;st2&#8243; url=&#8221;administracion@seguridaduniversal.com.ar&#8221;][\/wr_vc_contacts][\/vc_column][\/vc_row][vc_row sec_padding_bottom=&#8221;0&#8243; enabletitle=&#8221;st2&#8243;..<\/p>\n","protected":false},"author":2,"featured_media":1580,"parent":0,"menu_order":0,"comment_status":"closed","ping_status":"closed","template":"","meta":{"footnotes":""},"class_list":["post-149","page","type-page","status-publish","has-post-thumbnail","hentry"],"_links":{"self":[{"href":"https:\/\/seguridaduniversal.com.ar\/web\/wp-json\/wp\/v2\/pages\/149","targetHints":{"allow":["GET"]}}],"collection":[{"href":"https:\/\/seguridaduniversal.com.ar\/web\/wp-json\/wp\/v2\/pages"}],"about":[{"href":"https:\/\/seguridaduniversal.com.ar\/web\/wp-json\/wp\/v2\/types\/page"}],"author":[{"embeddable":true,"href":"https:\/\/seguridaduniversal.com.ar\/web\/wp-json\/wp\/v2\/users\/2"}],"replies":[{"embeddable":true,"href":"https:\/\/seguridaduniversal.com.ar\/web\/wp-json\/wp\/v2\/comments?post=149"}],"version-history":[{"count":7,"href":"https:\/\/seguridaduniversal.com.ar\/web\/wp-json\/wp\/v2\/pages\/149\/revisions"}],"predecessor-version":[{"id":1599,"href":"https:\/\/seguridaduniversal.com.ar\/web\/wp-json\/wp\/v2\/pages\/149\/revisions\/1599"}],"wp:featuredmedia":[{"embeddable":true,"href":"https:\/\/seguridaduniversal.com.ar\/web\/wp-json\/wp\/v2\/media\/1580"}],"wp:attachment":[{"href":"https:\/\/seguridaduniversal.com.ar\/web\/wp-json\/wp\/v2\/media?parent=149"}],"curies":[{"name":"wp","href":"https:\/\/api.w.org\/{rel}","templated":true}]}}