{"id":1335,"date":"2024-01-04T10:30:06","date_gmt":"2024-01-04T13:30:06","guid":{"rendered":"https:\/\/seguridaduniversal.com.ar\/web\/?page_id=1335"},"modified":"2024-01-19T12:47:44","modified_gmt":"2024-01-19T15:47:44","slug":"nuestros-servicios","status":"publish","type":"page","link":"https:\/\/seguridaduniversal.com.ar\/web\/nuestros-servicios\/","title":{"rendered":"Nuestros Servicios"},"content":{"rendered":"<div class=\"wpb-content-wrapper\">[vc_section][vc_row enable_container=&#8221;st2&#8243; enabletitle=&#8221;st2&#8243; nastik_sec_title=&#8221;Nuestros Servicios&#8221; enableseparator=&#8221;st2&#8243; secpadding=&#8221;&#8221; theside_sec_title=&#8221;About me&#8221; theside_sec_number=&#8221;01&#8243; theside_sec_dectiption=&#8221;LOREM IPSUM DOLOR SIT AMET, CONSECTETUR ADIPISCING ELIT. MAECENAS IN PULVINAR NEQUE. NULLA FINIBUS LOBORTIS PULVINAR.&#8221;][vc_column width=&#8221;1\/3&#8243; css=&#8221;.vc_custom_1705622180434{border-right-width: 1px !important;padding-right: 30px !important;border-right-color: #f2f2f2 !important;border-right-style: solid !important;}&#8221;][vc_single_image image=&#8221;1412&#8243; img_size=&#8221;full&#8221; alignment=&#8221;center&#8221; css=&#8221;.vc_custom_1705622382446{margin-bottom: 10px !important;}&#8221;][vc_column_text]\n<p style=\"text-align: center;\">Seguridad en empresas, industrias, bancos, comercios, entidades p\u00fablicas y privadas.<\/p>\n[\/vc_column_text][\/vc_column][vc_column width=&#8221;1\/3&#8243; css=&#8221;.vc_custom_1705622174672{border-right-width: 1px !important;padding-right: 30px !important;border-right-color: #f2f2f2 !important;border-right-style: solid !important;}&#8221;][vc_single_image image=&#8221;1413&#8243; img_size=&#8221;full&#8221; alignment=&#8221;center&#8221; css=&#8221;.vc_custom_1705622392596{margin-bottom: 10px !important;padding-bottom: 0px !important;}&#8221;][vc_column_text]\n<p style=\"text-align: center;\">Cursos sobre protecci\u00f3n personal y prevenci\u00f3n de atentados.<\/p>\n[\/vc_column_text][\/vc_column][vc_column width=&#8221;1\/3&#8243; css=&#8221;.vc_custom_1705622167806{border-right-width: 1px !important;padding-right: 30px !important;border-right-color: #ffffff !important;border-right-style: solid !important;}&#8221;][vc_single_image image=&#8221;1414&#8243; img_size=&#8221;full&#8221; alignment=&#8221;center&#8221; css=&#8221;.vc_custom_1705622399680{margin-bottom: 10px !important;padding-bottom: 0px !important;}&#8221;][vc_column_text]\n<p style=\"text-align: center;\">Protecci\u00f3n de viviendas particulares, barrios y edificios de propiedad horizontal.<\/p>\n[\/vc_column_text][\/vc_column][\/vc_row][vc_row enable_container=&#8221;st2&#8243; enableseparator=&#8221;st2&#8243; secpadding=&#8221;&#8221; theside_sec_title=&#8221;About me&#8221; theside_sec_number=&#8221;01&#8243; theside_sec_dectiption=&#8221;LOREM IPSUM DOLOR SIT AMET, CONSECTETUR ADIPISCING ELIT. MAECENAS IN PULVINAR NEQUE. NULLA FINIBUS LOBORTIS PULVINAR.&#8221; css=&#8221;.vc_custom_1705632843108{margin-top: -100px !important;padding-top: -100px !important;}&#8221;][vc_column width=&#8221;1\/3&#8243; css=&#8221;.vc_custom_1705622180434{border-right-width: 1px !important;padding-right: 30px !important;border-right-color: #f2f2f2 !important;border-right-style: solid !important;}&#8221;][vc_single_image image=&#8221;1445&#8243; img_size=&#8221;full&#8221; alignment=&#8221;center&#8221; css=&#8221;.vc_custom_1705634425649{margin-bottom: 10px !important;}&#8221;][vc_column_text]\n<p style=\"text-align: center;\">Estudios y colocaci\u00f3n de elementos de seguridad mec\u00e1nicos, vigilancia electr\u00f3nica y circuitos cerrados.<\/p>\n[\/vc_column_text][\/vc_column][vc_column width=&#8221;1\/3&#8243; css=&#8221;.vc_custom_1705622174672{border-right-width: 1px !important;padding-right: 30px !important;border-right-color: #f2f2f2 !important;border-right-style: solid !important;}&#8221;][vc_single_image image=&#8221;1444&#8243; img_size=&#8221;full&#8221; alignment=&#8221;center&#8221; css=&#8221;.vc_custom_1705634286083{margin-bottom: 10px !important;padding-bottom: 0px !important;}&#8221;][vc_column_text]\n<p style=\"text-align: center;\">Custodia de valores IN ITINERE e INSITU.<\/p>\n[\/vc_column_text][\/vc_column][vc_column width=&#8221;1\/3&#8243; css=&#8221;.vc_custom_1705622167806{border-right-width: 1px !important;padding-right: 30px !important;border-right-color: #ffffff !important;border-right-style: solid !important;}&#8221;][vc_single_image image=&#8221;1446&#8243; img_size=&#8221;full&#8221; alignment=&#8221;center&#8221; css=&#8221;.vc_custom_1705634482628{margin-bottom: 10px !important;padding-bottom: 0px !important;}&#8221;][vc_column_text]\n<p style=\"text-align: center;\">Informes Pre-laborales y ambientales.<\/p>\n[\/vc_column_text][\/vc_column][\/vc_row][vc_row enable_container=&#8221;st2&#8243; enableseparator=&#8221;st2&#8243; secpadding=&#8221;&#8221; theside_sec_title=&#8221;About me&#8221; theside_sec_number=&#8221;01&#8243; theside_sec_dectiption=&#8221;LOREM IPSUM DOLOR SIT AMET, CONSECTETUR ADIPISCING ELIT. MAECENAS IN PULVINAR NEQUE. NULLA FINIBUS LOBORTIS PULVINAR.&#8221; css=&#8221;.vc_custom_1705632843108{margin-top: -100px !important;padding-top: -100px !important;}&#8221;][vc_column width=&#8221;1\/3&#8243; css=&#8221;.vc_custom_1705622180434{border-right-width: 1px !important;padding-right: 30px !important;border-right-color: #f2f2f2 !important;border-right-style: solid !important;}&#8221;][vc_single_image image=&#8221;1447&#8243; img_size=&#8221;full&#8221; alignment=&#8221;center&#8221; css=&#8221;.vc_custom_1705634501135{margin-bottom: 10px !important;}&#8221;][vc_column_text]\n<p style=\"text-align: center;\">Custodia de consorcios, countries y barrios cerrados.<\/p>\n[\/vc_column_text][\/vc_column][vc_column width=&#8221;1\/3&#8243; css=&#8221;.vc_custom_1705622174672{border-right-width: 1px !important;padding-right: 30px !important;border-right-color: #f2f2f2 !important;border-right-style: solid !important;}&#8221;][vc_single_image image=&#8221;1448&#8243; img_size=&#8221;full&#8221; alignment=&#8221;center&#8221; css=&#8221;.vc_custom_1705634516766{margin-bottom: 10px !important;padding-bottom: 0px !important;}&#8221;][vc_column_text]\n<p style=\"text-align: center;\">Asesoramiento t\u00e9cnico e informes en materia de Seguridad Industrial, sustancias inflamables y explosivas.<\/p>\n[\/vc_column_text][\/vc_column][vc_column width=&#8221;1\/3&#8243; css=&#8221;.vc_custom_1705622167806{border-right-width: 1px !important;padding-right: 30px !important;border-right-color: #ffffff !important;border-right-style: solid !important;}&#8221;][vc_single_image image=&#8221;1449&#8243; img_size=&#8221;full&#8221; alignment=&#8221;center&#8221; css=&#8221;.vc_custom_1705634536769{margin-bottom: 10px !important;padding-bottom: 0px !important;}&#8221;][vc_column_text]\n<p style=\"text-align: center;\">Estudios sobre seguridad personal y siniestral.<\/p>\n[\/vc_column_text][\/vc_column][\/vc_row][vc_row enable_container=&#8221;st2&#8243; enableseparator=&#8221;st2&#8243; secpadding=&#8221;&#8221; theside_sec_title=&#8221;About me&#8221; theside_sec_number=&#8221;01&#8243; theside_sec_dectiption=&#8221;LOREM IPSUM DOLOR SIT AMET, CONSECTETUR ADIPISCING ELIT. MAECENAS IN PULVINAR NEQUE. NULLA FINIBUS LOBORTIS PULVINAR.&#8221; css=&#8221;.vc_custom_1705632843108{margin-top: -100px !important;padding-top: -100px !important;}&#8221;][vc_column width=&#8221;1\/3&#8243; css=&#8221;.vc_custom_1705622180434{border-right-width: 1px !important;padding-right: 30px !important;border-right-color: #f2f2f2 !important;border-right-style: solid !important;}&#8221;][vc_single_image image=&#8221;1450&#8243; img_size=&#8221;full&#8221; alignment=&#8221;center&#8221; css=&#8221;.vc_custom_1705634576209{margin-bottom: 10px !important;}&#8221;][vc_column_text]\n<p style=\"text-align: center;\">Servicio de tecnolog\u00eda aplicada a la seguridad.<\/p>\n[\/vc_column_text][\/vc_column][vc_column width=&#8221;1\/3&#8243; css=&#8221;.vc_custom_1705622174672{border-right-width: 1px !important;padding-right: 30px !important;border-right-color: #f2f2f2 !important;border-right-style: solid !important;}&#8221;][vc_single_image image=&#8221;1451&#8243; img_size=&#8221;full&#8221; alignment=&#8221;center&#8221; css=&#8221;.vc_custom_1705634600786{margin-bottom: 10px !important;padding-bottom: 0px !important;}&#8221;][vc_column_text]\n<p style=\"text-align: center;\">Sistema de video vigilancia de alta definici\u00f3n.<\/p>\n[\/vc_column_text][\/vc_column][vc_column width=&#8221;1\/3&#8243; css=&#8221;.vc_custom_1705622167806{border-right-width: 1px !important;padding-right: 30px !important;border-right-color: #ffffff !important;border-right-style: solid !important;}&#8221;][vc_single_image image=&#8221;1452&#8243; img_size=&#8221;full&#8221; alignment=&#8221;center&#8221; css=&#8221;.vc_custom_1705634618062{margin-bottom: 10px !important;padding-bottom: 0px !important;}&#8221;][vc_column_text]\n<p style=\"text-align: center;\">Colocaci\u00f3n y puesta a punto de C\u00e1maras de video, videograbadoras anal\u00f3gicas y digitales, set completos de vigilancia perimetral, se\u00f1alizadores y todo lo referido al CCTV.<\/p>\n[\/vc_column_text][\/vc_column][\/vc_row][\/vc_section][vc_row row_type=&#8221;sec2&#8243;][vc_column][wr_vc_textblock big_title=&#8221;La empresa ofrece, adem\u00e1s:&#8221;]- Servicio de centros de GPS on-line de flotas de carga y\/o personas, el mismo puede ser colocado oculto en el rodado, la carga o ser port\u00e1til.<br \/>\n&#8211; Cuenta con la capacidad de que el usuario en forma personal pueda monitorear sus unidades, cargas o personas asignadas, a trav\u00e9s de su mapa digital que nos reporta ruta y posici\u00f3n exacta del m\u00f3vil.<br \/>\n&#8211; El servicio opera plenamente en toda Latinoam\u00e9rica, con localizaci\u00f3n y protecci\u00f3n electr\u00f3nica de veh\u00edculos, personas y bienes.[\/wr_vc_textblock][vc_empty_space height=&#8221;40px&#8221;][\/vc_column][\/vc_row][vc_row enableseparator=&#8221;st2&#8243;][vc_column][vc_empty_space][\/vc_column][\/vc_row][vc_row scrollrow=&#8221;st2&#8243; scroll_id=&#8221;empresa&#8221; enableseparator=&#8221;st2&#8243; secpadding=&#8221;&#8221; theside_sec_title=&#8221;About me&#8221; theside_sec_number=&#8221;01&#8243; theside_sec_dectiption=&#8221;LOREM IPSUM DOLOR SIT AMET, CONSECTETUR ADIPISCING ELIT. MAECENAS IN PULVINAR NEQUE. NULLA FINIBUS LOBORTIS PULVINAR.&#8221;][vc_column width=&#8221;5\/12&#8243;]<div class=\"dec-img  fl-wrap\"><img decoding=\"async\" src=\"https:\/\/seguridaduniversal.com.ar\/web\/wp-content\/uploads\/2024\/01\/img-servicios.jpg\" class=\"respimg\" alt=\"img-servicios\"><\/div>[\/vc_column][vc_column width=&#8221;7\/12&#8243;][wr_vc_textblock]<strong>GUARDIAS DE SEGURIDAD:<\/strong> nuestro valor principal.<br \/>\nDe tras de cada Vigilador hay toda una estructura que le da soporte a esta persona, la cual que fue seleccionada y preparada espec\u00edfica y cuidadosamente para cumplir con sus funciones.<br \/>\nAntes de tomar servicio, el guardia es evaluado por profesionales m\u00e9dicos para tener la certeza de que est\u00e1 apto para trabajar.<br \/>\nEn servicio, deber\u00e1 cumplir con las consignas b\u00e1sicas y particulares de cada cliente, contando con el apoyo de Supervisores y Base de operaciones las 24 hs.<\/p>\n<p><strong>SUPERVISORES:<\/strong> respuesta inmediata.<br \/>\nNuestros supervisores son el nexo entre el Guardia de Seguridad y la Base de Operaciones, estando las 24hs disponibles para nuestros clientes.<\/p>\n<p><strong>CENTRAL DE MONITOREO:<\/strong> 24\/7<br \/>\nLa Central de Monitoreo es la responsable de controlar los ingresos y egresos del personal, hombre vivo cada una hora, alarmas, c\u00e1maras, bot\u00f3n de p\u00e1nico y controles de acceso.<\/p>\n<p><strong>CUSTODIAS EN TRANSITO:<\/strong> mercader\u00eda segura.<br \/>\nDisponemos de m\u00f3viles con chofer y custodio armado para el control de mercader\u00eda en tr\u00e1nsito, controlados por GPS, para garantizar el acompa\u00f1amiento de su carga a destino.[\/wr_vc_textblock][vc_empty_space height=&#8221;40px&#8221;][\/vc_column][\/vc_row]\n<\/div>","protected":false},"excerpt":{"rendered":"<p>[vc_section][vc_row enable_container=&#8221;st2&#8243; enabletitle=&#8221;st2&#8243; nastik_sec_title=&#8221;Nuestros Servicios&#8221; enableseparator=&#8221;st2&#8243; secpadding=&#8221;&#8221; theside_sec_title=&#8221;About me&#8221; theside_sec_number=&#8221;01&#8243; theside_sec_dectiption=&#8221;LOREM IPSUM DOLOR SIT AMET, CONSECTETUR ADIPISCING ELIT. MAECENAS IN PULVINAR NEQUE. NULLA FINIBUS LOBORTIS PULVINAR.&#8221;][vc_column width=&#8221;1\/3&#8243; css=&#8221;.vc_custom_1705622180434{border-right-width: 1px !important;padding-right: 30px !important;border-right-color: #f2f2f2 !important;border-right-style: solid !important;}&#8221;][vc_single_image image=&#8221;1412&#8243; img_size=&#8221;full&#8221; alignment=&#8221;center&#8221; css=&#8221;.vc_custom_1705622382446{margin-bottom: 10px !important;}&#8221;][vc_column_text] Seguridad en empresas, industrias, bancos, comercios, entidades p\u00fablicas y privadas. [\/vc_column_text][\/vc_column][vc_column width=&#8221;1\/3&#8243; css=&#8221;.vc_custom_1705622174672{border-right-width:..<\/p>\n","protected":false},"author":2,"featured_media":1566,"parent":0,"menu_order":0,"comment_status":"closed","ping_status":"closed","template":"","meta":{"footnotes":""},"class_list":["post-1335","page","type-page","status-publish","has-post-thumbnail","hentry"],"_links":{"self":[{"href":"https:\/\/seguridaduniversal.com.ar\/web\/wp-json\/wp\/v2\/pages\/1335","targetHints":{"allow":["GET"]}}],"collection":[{"href":"https:\/\/seguridaduniversal.com.ar\/web\/wp-json\/wp\/v2\/pages"}],"about":[{"href":"https:\/\/seguridaduniversal.com.ar\/web\/wp-json\/wp\/v2\/types\/page"}],"author":[{"embeddable":true,"href":"https:\/\/seguridaduniversal.com.ar\/web\/wp-json\/wp\/v2\/users\/2"}],"replies":[{"embeddable":true,"href":"https:\/\/seguridaduniversal.com.ar\/web\/wp-json\/wp\/v2\/comments?post=1335"}],"version-history":[{"count":42,"href":"https:\/\/seguridaduniversal.com.ar\/web\/wp-json\/wp\/v2\/pages\/1335\/revisions"}],"predecessor-version":[{"id":1570,"href":"https:\/\/seguridaduniversal.com.ar\/web\/wp-json\/wp\/v2\/pages\/1335\/revisions\/1570"}],"wp:featuredmedia":[{"embeddable":true,"href":"https:\/\/seguridaduniversal.com.ar\/web\/wp-json\/wp\/v2\/media\/1566"}],"wp:attachment":[{"href":"https:\/\/seguridaduniversal.com.ar\/web\/wp-json\/wp\/v2\/media?parent=1335"}],"curies":[{"name":"wp","href":"https:\/\/api.w.org\/{rel}","templated":true}]}}