{"id":1333,"date":"2024-01-04T10:29:27","date_gmt":"2024-01-04T13:29:27","guid":{"rendered":"https:\/\/seguridaduniversal.com.ar\/web\/?page_id=1333"},"modified":"2024-01-19T12:57:49","modified_gmt":"2024-01-19T15:57:49","slug":"logistica-y-uniformes","status":"publish","type":"page","link":"https:\/\/seguridaduniversal.com.ar\/web\/logistica-y-uniformes\/","title":{"rendered":"Log\u00edstica y Uniformes"},"content":{"rendered":"<div class=\"wpb-content-wrapper\">[vc_row scrollrow=&#8221;st2&#8243; scroll_id=&#8221;tecnologia-logistica&#8221; enabletitle=&#8221;st2&#8243; nastik_sec_title=&#8221;Tencnolog\u00eda y Log\u00edstica&#8221; nastik_sec_number=&#8221;01&#8243; secpadding=&#8221;&#8221; theside_sec_title=&#8221;About me&#8221; theside_sec_number=&#8221;01&#8243; theside_sec_dectiption=&#8221;LOREM IPSUM DOLOR SIT AMET, CONSECTETUR ADIPISCING ELIT. MAECENAS IN PULVINAR NEQUE. NULLA FINIBUS LOBORTIS PULVINAR.&#8221;][vc_column][wr_vc_textblock]En todos nuestros objetivos proveemos a todo nuestro staff de elementos de log\u00edstica tales como:<\/p>\n<p>&#8211; Celulares<br \/>\n&#8211; Nextel<br \/>\n&#8211; VHF- UHF<br \/>\n&#8211; Linternas<br \/>\n&#8211; Reflectores de alta potencia<br \/>\n&#8211; Paletas detectoras de metal<br \/>\n&#8211; Bast\u00f3n tipo tonfa<br \/>\n&#8211; Control de Rondas (Rond\u00edn) Con equipo colector de Datos<br \/>\n&#8211; Botones de P\u00e1nico (Pulsadores Inal\u00e1mbricos con conexi\u00f3n a fuerzas de seguridad[\/wr_vc_textblock][\/vc_column][\/vc_row][vc_row scrollrow=&#8221;st2&#8243; scroll_id=&#8221;uniforme&#8221; enabletitle=&#8221;st2&#8243; nastik_sec_title=&#8221;Uniforme&#8221; nastik_sec_number=&#8221;02&#8243; enableseparator=&#8221;st2&#8243; secpadding=&#8221;&#8221; theside_sec_title=&#8221;About me&#8221; theside_sec_number=&#8221;01&#8243; theside_sec_dectiption=&#8221;LOREM IPSUM DOLOR SIT AMET, CONSECTETUR ADIPISCING ELIT. MAECENAS IN PULVINAR NEQUE. NULLA FINIBUS LOBORTIS PULVINAR.&#8221;][vc_column width=&#8221;5\/12&#8243;]<div class=\"dec-img  fl-wrap\"><img decoding=\"async\" src=\"https:\/\/seguridaduniversal.com.ar\/web\/wp-content\/uploads\/2024\/01\/img-uniforme.jpg\" class=\"respimg\" alt=\"img-uniforme\"><\/div>[\/vc_column][vc_column width=&#8221;7\/12&#8243;][wr_vc_textblock]Todo nuestro Staff posee distinto tipo de indumentaria con varias alternativas dependiendo las caracter\u00edsticas del objetivo y las preferencias de nuestros clientes. Nuestra indumentaria consta de:<\/p>\n<p>&#8211; Camisa amarillo pastel con escudo distintivo<br \/>\n&#8211; Corbata con logo de la empresa verde<br \/>\n&#8211; Pantal\u00f3n verde con vivo blanco<br \/>\n&#8211; Zapatos negros<br \/>\n&#8211; Borcegu\u00edes t\u00e1cticos<br \/>\n&#8211; Botas de lluvia<br \/>\n&#8211; Chaleco verde con logo<br \/>\n&#8211; Capa de lluvia<br \/>\n&#8211; Camper\u00f3n de abrigo con escudo distintivo[\/wr_vc_textblock][\/vc_column][\/vc_row]\n<\/div>","protected":false},"excerpt":{"rendered":"<p>[vc_row scrollrow=&#8221;st2&#8243; scroll_id=&#8221;tecnologia-logistica&#8221; enabletitle=&#8221;st2&#8243; nastik_sec_title=&#8221;Tencnolog\u00eda y Log\u00edstica&#8221; nastik_sec_number=&#8221;01&#8243; secpadding=&#8221;&#8221; theside_sec_title=&#8221;About me&#8221; theside_sec_number=&#8221;01&#8243; theside_sec_dectiption=&#8221;LOREM IPSUM DOLOR SIT AMET, CONSECTETUR ADIPISCING ELIT. MAECENAS IN PULVINAR NEQUE. NULLA FINIBUS LOBORTIS PULVINAR.&#8221;][vc_column][wr_vc_textblock]En todos nuestros objetivos proveemos a todo nuestro staff de elementos de log\u00edstica tales como: &#8211; Celulares &#8211; Nextel &#8211; VHF- UHF &#8211; Linternas &#8211; Reflectores de alta..<\/p>\n","protected":false},"author":2,"featured_media":1572,"parent":0,"menu_order":0,"comment_status":"closed","ping_status":"closed","template":"","meta":{"footnotes":""},"class_list":["post-1333","page","type-page","status-publish","has-post-thumbnail","hentry"],"_links":{"self":[{"href":"https:\/\/seguridaduniversal.com.ar\/web\/wp-json\/wp\/v2\/pages\/1333","targetHints":{"allow":["GET"]}}],"collection":[{"href":"https:\/\/seguridaduniversal.com.ar\/web\/wp-json\/wp\/v2\/pages"}],"about":[{"href":"https:\/\/seguridaduniversal.com.ar\/web\/wp-json\/wp\/v2\/types\/page"}],"author":[{"embeddable":true,"href":"https:\/\/seguridaduniversal.com.ar\/web\/wp-json\/wp\/v2\/users\/2"}],"replies":[{"embeddable":true,"href":"https:\/\/seguridaduniversal.com.ar\/web\/wp-json\/wp\/v2\/comments?post=1333"}],"version-history":[{"count":6,"href":"https:\/\/seguridaduniversal.com.ar\/web\/wp-json\/wp\/v2\/pages\/1333\/revisions"}],"predecessor-version":[{"id":1573,"href":"https:\/\/seguridaduniversal.com.ar\/web\/wp-json\/wp\/v2\/pages\/1333\/revisions\/1573"}],"wp:featuredmedia":[{"embeddable":true,"href":"https:\/\/seguridaduniversal.com.ar\/web\/wp-json\/wp\/v2\/media\/1572"}],"wp:attachment":[{"href":"https:\/\/seguridaduniversal.com.ar\/web\/wp-json\/wp\/v2\/media?parent=1333"}],"curies":[{"name":"wp","href":"https:\/\/api.w.org\/{rel}","templated":true}]}}