{"id":1331,"date":"2024-01-04T10:32:56","date_gmt":"2024-01-04T13:32:56","guid":{"rendered":"https:\/\/seguridaduniversal.com.ar\/web\/?page_id=1331"},"modified":"2024-01-19T12:53:27","modified_gmt":"2024-01-19T15:53:27","slug":"recursos-humanos","status":"publish","type":"page","link":"https:\/\/seguridaduniversal.com.ar\/web\/recursos-humanos\/","title":{"rendered":"Recursos Humanos"},"content":{"rendered":"<div class=\"wpb-content-wrapper\">[vc_row enable_container=&#8221;st2&#8243; enabletitle=&#8221;st2&#8243; nastik_sec_title=&#8221;Recursos Humanos&#8221; enableseparator=&#8221;st2&#8243; secpadding=&#8221;&#8221; theside_sec_title=&#8221;About me&#8221; theside_sec_number=&#8221;01&#8243; theside_sec_dectiption=&#8221;LOREM IPSUM DOLOR SIT AMET, CONSECTETUR ADIPISCING ELIT. MAECENAS IN PULVINAR NEQUE. NULLA FINIBUS LOBORTIS PULVINAR.&#8221;][vc_column][wr_vc_textblock]Nuestro personal es cuidadosamente seleccionado por nuestro departamento de RRHH y consultoras externas para poder brindar un servicio a medida de cada cliente.<br \/>\nUna vez pre seleccionados se les realiza ex\u00e1menes m\u00e9dicos y psicol\u00f3gicos completos.<\/p>\n<p>Los postulantes que aprueban estas evaluaciones son capacitados minuciosamente por un equipo de profesionales en seguridad e investigaci\u00f3n dependiendo las caracter\u00edsticas del lugar y puestos de trabajo asignado.<\/p>\n<p>Todo nuestro personal fue habilitado por la Direcci\u00f3n General de Servicios de Seguridad Privada del Gobierno de la<\/p>\n<p>Ciudad de Buenos Aires, conforme lo determina la legislaci\u00f3n de aplicaci\u00f3n.<\/p>\n<p>La capacitaci\u00f3n permanente y la constante innovaci\u00f3n tecnol\u00f3gica son una prioridad para nosotros. Estamos completamente convencidos que para brindar un servicio de excelencia debemos combinar los recursos humanos juntos a los recursos tecnol\u00f3gicos.<\/p>\n<p>Cabe destacar que tambi\u00e9n damos la posibilidad de incorporar a nuestro staff alg\u00fan vigilador del plantel a suplantar que cumpla con nuestras pol\u00edticas de experiencia, desempe\u00f1o y calidad.<\/p>\n<p>Todos nuestros supervisores tienen como objetivo asegurar la calidad del servicio, haciendo cumplir nuestros objetivos y el buen desempe\u00f1o del mismo.<\/p>\n<p>Son el principal eslab\u00f3n en la cadena entre el vigilador y la empresa y es nuestro interlocutor entre la empresa y el cliente.<br \/>\nDisponemos de Supervisores las 24HS del d\u00eda para el control de todos nuestros objetivos.[\/wr_vc_textblock][\/vc_column][\/vc_row]\n<\/div>","protected":false},"excerpt":{"rendered":"<p>[vc_row enable_container=&#8221;st2&#8243; enabletitle=&#8221;st2&#8243; nastik_sec_title=&#8221;Recursos Humanos&#8221; enableseparator=&#8221;st2&#8243; secpadding=&#8221;&#8221; theside_sec_title=&#8221;About me&#8221; theside_sec_number=&#8221;01&#8243; theside_sec_dectiption=&#8221;LOREM IPSUM DOLOR SIT AMET, CONSECTETUR ADIPISCING ELIT. MAECENAS IN PULVINAR NEQUE. NULLA FINIBUS LOBORTIS PULVINAR.&#8221;][vc_column][wr_vc_textblock]Nuestro personal es cuidadosamente seleccionado por nuestro departamento de RRHH y consultoras externas para poder brindar un servicio a medida de cada cliente. Una vez pre seleccionados se les realiza..<\/p>\n","protected":false},"author":2,"featured_media":1571,"parent":0,"menu_order":0,"comment_status":"closed","ping_status":"closed","template":"","meta":{"footnotes":""},"class_list":["post-1331","page","type-page","status-publish","has-post-thumbnail","hentry"],"_links":{"self":[{"href":"https:\/\/seguridaduniversal.com.ar\/web\/wp-json\/wp\/v2\/pages\/1331","targetHints":{"allow":["GET"]}}],"collection":[{"href":"https:\/\/seguridaduniversal.com.ar\/web\/wp-json\/wp\/v2\/pages"}],"about":[{"href":"https:\/\/seguridaduniversal.com.ar\/web\/wp-json\/wp\/v2\/types\/page"}],"author":[{"embeddable":true,"href":"https:\/\/seguridaduniversal.com.ar\/web\/wp-json\/wp\/v2\/users\/2"}],"replies":[{"embeddable":true,"href":"https:\/\/seguridaduniversal.com.ar\/web\/wp-json\/wp\/v2\/comments?post=1331"}],"version-history":[{"count":11,"href":"https:\/\/seguridaduniversal.com.ar\/web\/wp-json\/wp\/v2\/pages\/1331\/revisions"}],"predecessor-version":[{"id":1478,"href":"https:\/\/seguridaduniversal.com.ar\/web\/wp-json\/wp\/v2\/pages\/1331\/revisions\/1478"}],"wp:featuredmedia":[{"embeddable":true,"href":"https:\/\/seguridaduniversal.com.ar\/web\/wp-json\/wp\/v2\/media\/1571"}],"wp:attachment":[{"href":"https:\/\/seguridaduniversal.com.ar\/web\/wp-json\/wp\/v2\/media?parent=1331"}],"curies":[{"name":"wp","href":"https:\/\/api.w.org\/{rel}","templated":true}]}}