{"id":1329,"date":"2024-01-04T10:28:59","date_gmt":"2024-01-04T13:28:59","guid":{"rendered":"https:\/\/seguridaduniversal.com.ar\/web\/?page_id=1329"},"modified":"2024-02-07T09:47:46","modified_gmt":"2024-02-07T12:47:46","slug":"nuestra-empresa","status":"publish","type":"page","link":"https:\/\/seguridaduniversal.com.ar\/web\/nuestra-empresa\/","title":{"rendered":"Nuestra Empresa"},"content":{"rendered":"<div class=\"wpb-content-wrapper\">[vc_row enabletitle=&#8221;st2&#8243; nastik_sec_title=&#8221;Acerca Nuestro&#8221; enableseparator=&#8221;st2&#8243; secpadding=&#8221;&#8221; theside_sec_title=&#8221;About me&#8221; theside_sec_number=&#8221;01&#8243; theside_sec_dectiption=&#8221;LOREM IPSUM DOLOR SIT AMET, CONSECTETUR ADIPISCING ELIT. MAECENAS IN PULVINAR NEQUE. NULLA FINIBUS LOBORTIS PULVINAR.&#8221;][vc_column width=&#8221;5\/12&#8243;]<div class=\"dec-img  fl-wrap\"><img decoding=\"async\" src=\"https:\/\/seguridaduniversal.com.ar\/web\/wp-content\/uploads\/2024\/01\/img-empresa.jpg\" class=\"respimg\" alt=\"img-empresa\"><\/div>[\/vc_column][vc_column width=&#8221;7\/12&#8243;][wr_vc_textblock button_text=&#8221;Pong\u00e1monos en Contacto&#8221; button_url=&#8221;https:\/\/seguridaduniversal.com.ar\/web\/contacto\/&#8221;]SEGURIDAD UNIVERSAL SRL, es una empresa de seguridad integral, que desarrolla como actividad empresarial, la prestaci\u00f3n de Servicios Privados de Vigilancia y Seguridad; ubicada en el centro de la ciudad de Rosario, con m\u00e1s de 20 a\u00f1os de experiencia en custodias m\u00f3viles en todo el pa\u00eds, seguridad privada y tecnol\u00f3gica las 24hs, los 365 d\u00edas del a\u00f1o.<\/p>\n<p>Durante estos a\u00f1os hemos crecido de forma sostenida, tanto en n\u00famero de clientes como en n\u00famero de empleados, llegando a tener un s\u00f3lido grupo humano y profesional.<\/p>\n<p>Contamos con cobertura en toda la Provincia de Santa Fe, Provincia de Buenos Aires, Ciudad Aut\u00f3noma de Bs As y en la Provincia de C\u00f3rdoba, como as\u00ed tambi\u00e9n tenemos la habilitaci\u00f3n para operar dentro del territorio de prefectura.<\/p>\n<p>Somos miembros activos de la C\u00e1mara Argentina de Seguridad Electr\u00f3nica y del Foro de Profesionales Latinoamericanos de Seguridad.<\/p>\n<p>Para nuestra Empresa, representa un gran compromiso y responsabilidad cuando un cliente elige nuestros servicios, es por ello que nuestro principal objetivo es realizarlos de manera eficaz y coordinada, satisfaciendo los requerimientos y expectativas de nuestros clientes, al igual que el trato personalizado acorde con sus necesidades, manteni\u00e9ndonos en un permanente proceso de mejora continua en relaci\u00f3n a los servicios prestados a trav\u00e9s de la definici\u00f3n y revisi\u00f3n de objetivos de calidad, coherentes con nuestra pol\u00edtica.<\/p>\n<p>Es por ello que cualquier tipo de documentaci\u00f3n, contrato social y conversaciones futuras con nuestros directivos se encuentran a su disposici\u00f3n.[\/wr_vc_textblock][vc_empty_space][\/vc_column][\/vc_row]\n<\/div>","protected":false},"excerpt":{"rendered":"<p>[vc_row enabletitle=&#8221;st2&#8243; nastik_sec_title=&#8221;Acerca Nuestro&#8221; enableseparator=&#8221;st2&#8243; secpadding=&#8221;&#8221; theside_sec_title=&#8221;About me&#8221; theside_sec_number=&#8221;01&#8243; theside_sec_dectiption=&#8221;LOREM IPSUM DOLOR SIT AMET, CONSECTETUR ADIPISCING ELIT. MAECENAS IN PULVINAR NEQUE. NULLA FINIBUS LOBORTIS PULVINAR.&#8221;][vc_column width=&#8221;5\/12&#8243;][\/vc_column][vc_column width=&#8221;7\/12&#8243;][wr_vc_textblock button_text=&#8221;Pong\u00e1monos en Contacto&#8221; button_url=&#8221;https:\/\/seguridaduniversal.com.ar\/web\/contacto\/&#8221;]SEGURIDAD UNIVERSAL SRL, es una empresa de seguridad integral, que desarrolla como actividad empresarial, la prestaci\u00f3n de Servicios Privados de Vigilancia y Seguridad; ubicada en..<\/p>\n","protected":false},"author":2,"featured_media":1567,"parent":0,"menu_order":0,"comment_status":"closed","ping_status":"closed","template":"","meta":{"footnotes":""},"class_list":["post-1329","page","type-page","status-publish","has-post-thumbnail","hentry"],"_links":{"self":[{"href":"https:\/\/seguridaduniversal.com.ar\/web\/wp-json\/wp\/v2\/pages\/1329","targetHints":{"allow":["GET"]}}],"collection":[{"href":"https:\/\/seguridaduniversal.com.ar\/web\/wp-json\/wp\/v2\/pages"}],"about":[{"href":"https:\/\/seguridaduniversal.com.ar\/web\/wp-json\/wp\/v2\/types\/page"}],"author":[{"embeddable":true,"href":"https:\/\/seguridaduniversal.com.ar\/web\/wp-json\/wp\/v2\/users\/2"}],"replies":[{"embeddable":true,"href":"https:\/\/seguridaduniversal.com.ar\/web\/wp-json\/wp\/v2\/comments?post=1329"}],"version-history":[{"count":9,"href":"https:\/\/seguridaduniversal.com.ar\/web\/wp-json\/wp\/v2\/pages\/1329\/revisions"}],"predecessor-version":[{"id":1600,"href":"https:\/\/seguridaduniversal.com.ar\/web\/wp-json\/wp\/v2\/pages\/1329\/revisions\/1600"}],"wp:featuredmedia":[{"embeddable":true,"href":"https:\/\/seguridaduniversal.com.ar\/web\/wp-json\/wp\/v2\/media\/1567"}],"wp:attachment":[{"href":"https:\/\/seguridaduniversal.com.ar\/web\/wp-json\/wp\/v2\/media?parent=1329"}],"curies":[{"name":"wp","href":"https:\/\/api.w.org\/{rel}","templated":true}]}}