{"id":1008,"date":"2019-10-20T18:47:26","date_gmt":"2019-10-20T18:47:26","guid":{"rendered":"http:\/\/nastik.webredox.net\/index.php\/parallax-image-copy\/"},"modified":"2024-02-07T09:48:09","modified_gmt":"2024-02-07T12:48:09","slug":"slider","status":"publish","type":"page","link":"https:\/\/seguridaduniversal.com.ar\/web\/","title":{"rendered":"Inicio"},"content":{"rendered":"<div class=\"wpb-content-wrapper\">[vc_row scrollrow=&#8221;st2&#8243; scroll_id=&#8221;empresa&#8221; enable_top_box=&#8221;st2&#8243; enabletitle=&#8221;st2&#8243; nastik_sec_title=&#8221;Somos Seguridad Universal&#8221; nastik_sec_number=&#8221;01&#8243; enableseparator=&#8221;st2&#8243; secpadding=&#8221;&#8221; theside_sec_title=&#8221;About me&#8221; theside_sec_number=&#8221;01&#8243; theside_sec_dectiption=&#8221;LOREM IPSUM DOLOR SIT AMET, CONSECTETUR ADIPISCING ELIT. MAECENAS IN PULVINAR NEQUE. NULLA FINIBUS LOBORTIS PULVINAR.&#8221;][vc_column width=&#8221;5\/12&#8243;]<div class=\"dec-img  fl-wrap\"><img decoding=\"async\" src=\"https:\/\/seguridaduniversal.com.ar\/web\/wp-content\/uploads\/2024\/01\/img-home-empresa.jpg\" class=\"respimg\" alt=\"img-home-empresa\"><\/div>[\/vc_column][vc_column width=&#8221;7\/12&#8243;][wr_vc_textblock button_text=&#8221;Conoc\u00e9 mas de nuestra empresa&#8221; button_url=&#8221;https:\/\/seguridaduniversal.com.ar\/web\/nuestra-empresa\/&#8221;]SEGURIDAD UNIVERSAL SRL, es una empresa de seguridad integral, que desarrolla como actividad empresarial, la prestaci\u00f3n de Servicios Privados de Vigilancia y Seguridad; ubicada en el centro de la ciudad de Rosario, con m\u00e1s de 20 a\u00f1os de experiencia en custodias m\u00f3viles en todo el pa\u00eds, seguridad privada y tecnol\u00f3gica las 24hs, los 365 d\u00edas del a\u00f1o.<\/p>\n<p>Durante estos a\u00f1os hemos crecido de forma sostenida, tanto en n\u00famero de clientes como en n\u00famero de empleados, llegando a tener un s\u00f3lido grupo humano y profesional.[\/wr_vc_textblock][\/vc_column][\/vc_row][vc_section][vc_row enable_container=&#8221;st2&#8243; enableseparator=&#8221;st2&#8243;][vc_column][vc_empty_space height=&#8221;80px&#8221;][\/vc_column][\/vc_row][vc_row row_type=&#8221;sec2&#8243;][vc_column][vc_empty_space height=&#8221;40px&#8221;][wr_vc_counters class=&#8221;optional_counter&#8221;][wr_vc_counter datatitle=&#8221;Horas Diarias&#8221; datanumber=&#8221;24&#8243;][wr_vc_counter datatitle=&#8221;D\u00edas al A\u00f1o&#8221; datanumber=&#8221;365&#8243;][wr_vc_counter datatitle=&#8221;Clientes&#8221; datanumber=&#8221;30&#8243;][wr_vc_counter datatitle=&#8221;A\u00f1os de Experiencia&#8221; datanumber=&#8221;20&#8243;][\/wr_vc_counters][vc_empty_space height=&#8221;40px&#8221;][\/vc_column][\/vc_row][vc_row enable_container=&#8221;st2&#8243; enableseparator=&#8221;st2&#8243;][vc_column][vc_empty_space height=&#8221;80px&#8221;][\/vc_column][\/vc_row][vc_row scrollrow=&#8221;st2&#8243; scroll_id=&#8221;servicios&#8221; enabletitle=&#8221;st2&#8243; nastik_sec_title=&#8221;Nuestros Servicios&#8221; nastik_sec_number=&#8221;02&#8243;][vc_column]<div class=\"cards-wrap fl-wrap\"><div class=\"row\"><div class=\"col-md-4\"><div class=\"content-inner fl-wrap\"><div class=\"content-front\"><div class=\"cf-inner\"><div class=\"bg \"  data-bg=\"https:\/\/seguridaduniversal.com.ar\/web\/wp-content\/uploads\/2019\/10\/img-home-services-1-462x441.jpg\"><\/div><div class=\"overlay\"><\/div><div class=\"inner\"><h2>PERSONAL PARA SEGURIDAD F\u00cdSICA<\/h2><ul><li>SERVICIOS<\/li><\/ul><\/div><\/div><\/div><div class=\"content-back\"><div class=\"cf-inner\"><div class=\"inner\"><p>Nuestro personal aplica un plan de protecci\u00f3n y prevenci\u00f3n acorde a las necesidades del cliente y de su patrimonio, teniendo en cuenta consignas generales, particulares y eventuales para cada objetivo. El vigilador de Seguridad Universal SRL est\u00e1 conectado las 24hs del d\u00eda a trav\u00e9s del tel\u00e9fono m\u00f3vil a nuestra base de datos, report\u00e1ndose cada una..<\/p><\/div><\/div><\/div><\/div><\/div><div class=\"col-md-4\"><div class=\"content-inner fl-wrap\"><div class=\"content-front\"><div class=\"cf-inner\"><div class=\"bg \"  data-bg=\"https:\/\/seguridaduniversal.com.ar\/web\/wp-content\/uploads\/2019\/10\/img-home-services-2-462x441.jpg\"><\/div><div class=\"overlay\"><\/div><div class=\"inner\"><h2>CUSTODIAS MOVILES DE VALORES<\/h2><ul><li>SERVICIOS<\/li><\/ul><\/div><\/div><\/div><div class=\"content-back\"><div class=\"cf-inner\"><div class=\"inner\"><p>Contamos con custodias m\u00f3viles INTINERE e INSITU, amplia flota de m\u00f3viles para la custodia de mercader\u00eda en tr\u00e1nsito para corta y larga distancia. El m\u00f3vil compuesto por un chofer y acompa\u00f1ante armado el cual tiene comunicaci\u00f3n en todo momento con la base de operaciones a trav\u00e9s de radio y tel\u00e9fono m\u00f3vil.<\/p><\/div><\/div><\/div><\/div><\/div><div class=\"col-md-4\"><div class=\"content-inner fl-wrap\"><div class=\"content-front\"><div class=\"cf-inner\"><div class=\"bg \"  data-bg=\"https:\/\/seguridaduniversal.com.ar\/web\/wp-content\/uploads\/2019\/10\/img-home-services-3-462x441.jpg\"><\/div><div class=\"overlay\"><\/div><div class=\"inner\"><h2>TECNOCLOG\u00cdA APLICADA A LA SEGURIDAD<\/h2><ul><li>CUSTODIA DE VALORES<\/li><\/ul><\/div><\/div><\/div><div class=\"content-back\"><div class=\"cf-inner\"><div class=\"inner\"><p>Sistema de video vigilancia y c\u00e1maras de alta definici\u00f3n, videograbadores anal\u00f3gicos y digitales. Set completo de vigilancia. Alarmas domiciliares, se\u00f1alizadores remotos, CCTV. M\u00f3dulo SoftGuard\/TrackGuard fue desarrollado para realizar el seguimiento y monitoreo de m\u00f3viles de equipos GPS montados en veh\u00edculos, cargas e incluso en personas (Msd) y relacionarlos a cuentas de abonado del sistema central...<\/p><\/div><\/div><\/div><\/div><\/div><\/div><\/div>[vc_row_inner][vc_column_inner]<div class=\"srv-link-text fl-wrap\"><h4>Conozca todas las soluciones que Seguridad Universal tiene para Ud.<\/h4><a href=\"https:\/\/seguridaduniversal.com.ar\/web\/nuestros-servicios\/\" class=\"btn float-btn ajax  color-bg\" target=\"_self\" rel=\"noopener noreferrer\">NUESTROS SERVICIOS<\/a><\/div>[\/vc_column_inner][\/vc_row_inner][vc_empty_space height=&#8221;80px&#8221;][\/vc_column][\/vc_row][vc_row enable_container=&#8221;st2&#8243; enableseparator=&#8221;st2&#8243;][vc_column][vc_empty_space height=&#8221;80px&#8221;][\/vc_column][\/vc_row][vc_row scrollrow=&#8221;st2&#8243; scroll_id=&#8221;clientes&#8221; enabletitle=&#8221;st2&#8243; nastik_sec_title=&#8221;Algunos Clientes&#8221; nastik_sec_number=&#8221;03&#8243; nastik_sec_dectiption=&#8221;Algunos clientes de referencia que ya confiaron en nuestros servicios.&#8221; enableseparator=&#8221;st2&#8243;][vc_column][wr_vc_clients autoplay=&#8221;true&#8221;][wr_vc_client image=&#8221;1482&#8243;][wr_vc_client image=&#8221;1484&#8243;][wr_vc_client image=&#8221;1486&#8243;][wr_vc_client image=&#8221;1488&#8243;][wr_vc_client button_target=&#8221;_blank&#8221; image=&#8221;1489&#8243;][wr_vc_client button_target=&#8221;_blank&#8221; image=&#8221;1490&#8243;][wr_vc_client button_target=&#8221;_blank&#8221; image=&#8221;1491&#8243;][wr_vc_client button_target=&#8221;_blank&#8221; image=&#8221;1492&#8243;][wr_vc_client button_target=&#8221;_blank&#8221; image=&#8221;1493&#8243;][wr_vc_client button_target=&#8221;_blank&#8221; image=&#8221;1503&#8243;][wr_vc_client button_target=&#8221;_blank&#8221; image=&#8221;1504&#8243;][wr_vc_client button_target=&#8221;_blank&#8221; image=&#8221;1505&#8243;][\/wr_vc_clients][vc_empty_space height=&#8221;80px&#8221;][\/vc_column][\/vc_row][\/vc_section]\n<\/div>","protected":false},"excerpt":{"rendered":"<p>[vc_row scrollrow=&#8221;st2&#8243; scroll_id=&#8221;empresa&#8221; enable_top_box=&#8221;st2&#8243; enabletitle=&#8221;st2&#8243; nastik_sec_title=&#8221;Somos Seguridad Universal&#8221; nastik_sec_number=&#8221;01&#8243; enableseparator=&#8221;st2&#8243; secpadding=&#8221;&#8221; theside_sec_title=&#8221;About me&#8221; theside_sec_number=&#8221;01&#8243; theside_sec_dectiption=&#8221;LOREM IPSUM DOLOR SIT AMET, CONSECTETUR ADIPISCING ELIT. MAECENAS IN PULVINAR NEQUE. NULLA FINIBUS LOBORTIS PULVINAR.&#8221;][vc_column width=&#8221;5\/12&#8243;][\/vc_column][vc_column width=&#8221;7\/12&#8243;][wr_vc_textblock button_text=&#8221;Conoc\u00e9 mas de nuestra empresa&#8221; button_url=&#8221;https:\/\/seguridaduniversal.com.ar\/web\/nuestra-empresa\/&#8221;]SEGURIDAD UNIVERSAL SRL, es una empresa de seguridad integral, que desarrolla como actividad empresarial, la prestaci\u00f3n de Servicios..<\/p>\n","protected":false},"author":2,"featured_media":0,"parent":0,"menu_order":0,"comment_status":"closed","ping_status":"closed","template":"one-page.php","meta":{"footnotes":""},"class_list":["post-1008","page","type-page","status-publish","hentry"],"_links":{"self":[{"href":"https:\/\/seguridaduniversal.com.ar\/web\/wp-json\/wp\/v2\/pages\/1008","targetHints":{"allow":["GET"]}}],"collection":[{"href":"https:\/\/seguridaduniversal.com.ar\/web\/wp-json\/wp\/v2\/pages"}],"about":[{"href":"https:\/\/seguridaduniversal.com.ar\/web\/wp-json\/wp\/v2\/types\/page"}],"author":[{"embeddable":true,"href":"https:\/\/seguridaduniversal.com.ar\/web\/wp-json\/wp\/v2\/users\/2"}],"replies":[{"embeddable":true,"href":"https:\/\/seguridaduniversal.com.ar\/web\/wp-json\/wp\/v2\/comments?post=1008"}],"version-history":[{"count":22,"href":"https:\/\/seguridaduniversal.com.ar\/web\/wp-json\/wp\/v2\/pages\/1008\/revisions"}],"predecessor-version":[{"id":1601,"href":"https:\/\/seguridaduniversal.com.ar\/web\/wp-json\/wp\/v2\/pages\/1008\/revisions\/1601"}],"wp:attachment":[{"href":"https:\/\/seguridaduniversal.com.ar\/web\/wp-json\/wp\/v2\/media?parent=1008"}],"curies":[{"name":"wp","href":"https:\/\/api.w.org\/{rel}","templated":true}]}}